{"id":135741,"date":"2025-02-11T08:37:24","date_gmt":"2025-02-11T07:37:24","guid":{"rendered":"https:\/\/www.urbaniki.com\/?post_type=product&#038;p=135741"},"modified":"2025-06-19T09:33:17","modified_gmt":"2025-06-19T08:33:17","slug":"dreirad-in-kochia-pink","status":"publish","type":"product","link":"https:\/\/www.urbaniki.com\/de-de\/dreirad-in-kochia-pink\/","title":{"rendered":"Dreirad in Kochia Pink"},"content":{"rendered":"","protected":false},"excerpt":{"rendered":"<p>Fahrradhelme f\u00fcr Kinder von Urban Iki machen Fahrten mit Ihrem Kind zu einem sicheren Erlebnis. Unsere Kinderfahrradhelme sind bequem, leicht und dezent gestaltet, damit Ihr Kind sie auch gerne aufsetzt. Ein Fahrradhelm ist n\u00e4mlich nur dann sicher, wenn er tats\u00e4chlich getragen wird. Die Helme von Urban Iki verf\u00fcgen \u00fcber viele intelligente Funktionen f\u00fcr mehr Sicherheit und Komfort. Finden Sie jetzt den richtigen Fahrradhelm f\u00fcr Ihr Kind!<\/p>\n","protected":false},"featured_media":134679,"comment_status":"open","ping_status":"closed","template":"","meta":{"_acf_changed":false},"product_brand":[],"product_cat":[654,649],"product_tag":[],"class_list":{"0":"post-135741","1":"product","2":"type-product","3":"status-publish","4":"has-post-thumbnail","6":"product_cat-dreirader","7":"product_cat-laufrader","8":"product_shipping_class-pakket-de-de","10":"first","11":"instock","12":"taxable","13":"shipping-taxable","14":"purchasable","15":"product-type-simple"},"acf":[],"yoast_head":"<!-- This site is optimized with the Yoast SEO plugin v27.3 - https:\/\/yoast.com\/product\/yoast-seo-wordpress\/ -->\n<title>Urban Iki Dreirad in Kochia Pink | 1-3 Jahre<\/title>\n<meta name=\"description\" content=\"Dreir\u00e4der f\u00fcr Kinder in 3 verschiedenen Farben erh\u00e4ltlich | Auch f\u00fcr die Kleinsten geeignet | Leicht zu einem Laufrad umbauen | Gratis Versand ab 50 \u20ac\" \/>\n<meta name=\"robots\" content=\"index, follow, max-snippet:-1, max-image-preview:large, max-video-preview:-1\" \/>\n<link rel=\"canonical\" href=\"https:\/\/www.urbaniki.com\/de-de\/dreirad-in-kochia-pink\/\" \/>\n<meta property=\"og:locale\" content=\"de_DE\" \/>\n<meta property=\"og:type\" content=\"article\" \/>\n<meta property=\"og:title\" content=\"Urban Iki Dreirad in Kochia Pink | 1-3 Jahre\" \/>\n<meta property=\"og:description\" content=\"Dreir\u00e4der f\u00fcr Kinder in 3 verschiedenen Farben erh\u00e4ltlich | Auch f\u00fcr die Kleinsten geeignet | Leicht zu einem Laufrad umbauen | Gratis Versand ab 50 \u20ac\" \/>\n<meta property=\"og:url\" content=\"https:\/\/www.urbaniki.com\/de-de\/dreirad-in-kochia-pink\/\" \/>\n<meta property=\"og:site_name\" content=\"Urban Iki\" \/>\n<meta property=\"article:modified_time\" content=\"2025-06-19T08:33:17+00:00\" \/>\n<meta property=\"og:image\" content=\"https:\/\/www.urbaniki.com\/wp-content\/uploads\/Tricycle-Kochia-Pink.png\" \/>\n\t<meta property=\"og:image:width\" content=\"1000\" \/>\n\t<meta property=\"og:image:height\" content=\"1000\" \/>\n\t<meta property=\"og:image:type\" content=\"image\/png\" \/>\n<meta name=\"twitter:card\" content=\"summary_large_image\" \/>\n<meta name=\"twitter:label1\" content=\"Est. reading time\" \/>\n\t<meta name=\"twitter:data1\" content=\"1 minute\" \/>\n<script type=\"application\/ld+json\" class=\"yoast-schema-graph\">{\"@context\":\"https:\\\/\\\/schema.org\",\"@graph\":[{\"@type\":[\"WebPage\",\"ItemPage\"],\"@id\":\"https:\\\/\\\/www.urbaniki.com\\\/de-de\\\/dreirad-in-kochia-pink\\\/\",\"url\":\"https:\\\/\\\/www.urbaniki.com\\\/de-de\\\/dreirad-in-kochia-pink\\\/\",\"name\":\"Urban Iki Dreirad in Kochia Pink | 1-3 Jahre\",\"isPartOf\":{\"@id\":\"https:\\\/\\\/www.urbaniki.com\\\/de-de\\\/#website\"},\"primaryImageOfPage\":{\"@id\":\"https:\\\/\\\/www.urbaniki.com\\\/de-de\\\/dreirad-in-kochia-pink\\\/#primaryimage\"},\"image\":{\"@id\":\"https:\\\/\\\/www.urbaniki.com\\\/de-de\\\/dreirad-in-kochia-pink\\\/#primaryimage\"},\"thumbnailUrl\":\"https:\\\/\\\/www.urbaniki.com\\\/wp-content\\\/uploads\\\/Tricycle-Kochia-Pink.png\",\"datePublished\":\"2025-02-11T07:37:24+00:00\",\"dateModified\":\"2025-06-19T08:33:17+00:00\",\"description\":\"Dreir\u00e4der f\u00fcr Kinder in 3 verschiedenen Farben erh\u00e4ltlich | Auch f\u00fcr die Kleinsten geeignet | Leicht zu einem Laufrad umbauen | Gratis Versand ab 50 \u20ac\",\"breadcrumb\":{\"@id\":\"https:\\\/\\\/www.urbaniki.com\\\/de-de\\\/dreirad-in-kochia-pink\\\/#breadcrumb\"},\"inLanguage\":\"de-DE\",\"potentialAction\":[{\"@type\":\"ReadAction\",\"target\":[\"https:\\\/\\\/www.urbaniki.com\\\/de-de\\\/dreirad-in-kochia-pink\\\/\"]}]},{\"@type\":\"ImageObject\",\"inLanguage\":\"de-DE\",\"@id\":\"https:\\\/\\\/www.urbaniki.com\\\/de-de\\\/dreirad-in-kochia-pink\\\/#primaryimage\",\"url\":\"https:\\\/\\\/www.urbaniki.com\\\/wp-content\\\/uploads\\\/Tricycle-Kochia-Pink.png\",\"contentUrl\":\"https:\\\/\\\/www.urbaniki.com\\\/wp-content\\\/uploads\\\/Tricycle-Kochia-Pink.png\",\"width\":1000,\"height\":1000},{\"@type\":\"BreadcrumbList\",\"@id\":\"https:\\\/\\\/www.urbaniki.com\\\/de-de\\\/dreirad-in-kochia-pink\\\/#breadcrumb\",\"itemListElement\":[{\"@type\":\"ListItem\",\"position\":1,\"name\":\"Home\",\"item\":\"https:\\\/\\\/www.urbaniki.com\\\/de-de\\\/\"},{\"@type\":\"ListItem\",\"position\":2,\"name\":\"Winkel\",\"item\":\"https:\\\/\\\/www.urbaniki.com\\\/de-de\\\/winkel\\\/\"},{\"@type\":\"ListItem\",\"position\":3,\"name\":\"Laufr\u00e4der\",\"item\":\"https:\\\/\\\/www.urbaniki.com\\\/de-de\\\/laufrader\\\/\"},{\"@type\":\"ListItem\",\"position\":4,\"name\":\"Dreirad in Kochia Pink\"}]},{\"@type\":\"WebSite\",\"@id\":\"https:\\\/\\\/www.urbaniki.com\\\/de-de\\\/#website\",\"url\":\"https:\\\/\\\/www.urbaniki.com\\\/de-de\\\/\",\"name\":\"Urban Iki\",\"description\":\"\",\"potentialAction\":[{\"@type\":\"SearchAction\",\"target\":{\"@type\":\"EntryPoint\",\"urlTemplate\":\"https:\\\/\\\/www.urbaniki.com\\\/de-de\\\/?s={search_term_string}\"},\"query-input\":{\"@type\":\"PropertyValueSpecification\",\"valueRequired\":true,\"valueName\":\"search_term_string\"}}],\"inLanguage\":\"de-DE\"}]}<\/script>\n<!-- \/ Yoast SEO plugin. -->","yoast_head_json":{"title":"Urban Iki Dreirad in Kochia Pink | 1-3 Jahre","description":"Dreir\u00e4der f\u00fcr Kinder in 3 verschiedenen Farben erh\u00e4ltlich | Auch f\u00fcr die Kleinsten geeignet | Leicht zu einem Laufrad umbauen | Gratis Versand ab 50 \u20ac","robots":{"index":"index","follow":"follow","max-snippet":"max-snippet:-1","max-image-preview":"max-image-preview:large","max-video-preview":"max-video-preview:-1"},"canonical":"https:\/\/www.urbaniki.com\/de-de\/dreirad-in-kochia-pink\/","og_locale":"de_DE","og_type":"article","og_title":"Urban Iki Dreirad in Kochia Pink | 1-3 Jahre","og_description":"Dreir\u00e4der f\u00fcr Kinder in 3 verschiedenen Farben erh\u00e4ltlich | Auch f\u00fcr die Kleinsten geeignet | Leicht zu einem Laufrad umbauen | Gratis Versand ab 50 \u20ac","og_url":"https:\/\/www.urbaniki.com\/de-de\/dreirad-in-kochia-pink\/","og_site_name":"Urban Iki","article_modified_time":"2025-06-19T08:33:17+00:00","og_image":[{"width":1000,"height":1000,"url":"https:\/\/www.urbaniki.com\/wp-content\/uploads\/Tricycle-Kochia-Pink.png","type":"image\/png"}],"twitter_card":"summary_large_image","twitter_misc":{"Est. reading time":"1 minute"},"schema":{"@context":"https:\/\/schema.org","@graph":[{"@type":["WebPage","ItemPage"],"@id":"https:\/\/www.urbaniki.com\/de-de\/dreirad-in-kochia-pink\/","url":"https:\/\/www.urbaniki.com\/de-de\/dreirad-in-kochia-pink\/","name":"Urban Iki Dreirad in Kochia Pink | 1-3 Jahre","isPartOf":{"@id":"https:\/\/www.urbaniki.com\/de-de\/#website"},"primaryImageOfPage":{"@id":"https:\/\/www.urbaniki.com\/de-de\/dreirad-in-kochia-pink\/#primaryimage"},"image":{"@id":"https:\/\/www.urbaniki.com\/de-de\/dreirad-in-kochia-pink\/#primaryimage"},"thumbnailUrl":"https:\/\/www.urbaniki.com\/wp-content\/uploads\/Tricycle-Kochia-Pink.png","datePublished":"2025-02-11T07:37:24+00:00","dateModified":"2025-06-19T08:33:17+00:00","description":"Dreir\u00e4der f\u00fcr Kinder in 3 verschiedenen Farben erh\u00e4ltlich | Auch f\u00fcr die Kleinsten geeignet | Leicht zu einem Laufrad umbauen | Gratis Versand ab 50 \u20ac","breadcrumb":{"@id":"https:\/\/www.urbaniki.com\/de-de\/dreirad-in-kochia-pink\/#breadcrumb"},"inLanguage":"de-DE","potentialAction":[{"@type":"ReadAction","target":["https:\/\/www.urbaniki.com\/de-de\/dreirad-in-kochia-pink\/"]}]},{"@type":"ImageObject","inLanguage":"de-DE","@id":"https:\/\/www.urbaniki.com\/de-de\/dreirad-in-kochia-pink\/#primaryimage","url":"https:\/\/www.urbaniki.com\/wp-content\/uploads\/Tricycle-Kochia-Pink.png","contentUrl":"https:\/\/www.urbaniki.com\/wp-content\/uploads\/Tricycle-Kochia-Pink.png","width":1000,"height":1000},{"@type":"BreadcrumbList","@id":"https:\/\/www.urbaniki.com\/de-de\/dreirad-in-kochia-pink\/#breadcrumb","itemListElement":[{"@type":"ListItem","position":1,"name":"Home","item":"https:\/\/www.urbaniki.com\/de-de\/"},{"@type":"ListItem","position":2,"name":"Winkel","item":"https:\/\/www.urbaniki.com\/de-de\/winkel\/"},{"@type":"ListItem","position":3,"name":"Laufr\u00e4der","item":"https:\/\/www.urbaniki.com\/de-de\/laufrader\/"},{"@type":"ListItem","position":4,"name":"Dreirad in Kochia Pink"}]},{"@type":"WebSite","@id":"https:\/\/www.urbaniki.com\/de-de\/#website","url":"https:\/\/www.urbaniki.com\/de-de\/","name":"Urban Iki","description":"","potentialAction":[{"@type":"SearchAction","target":{"@type":"EntryPoint","urlTemplate":"https:\/\/www.urbaniki.com\/de-de\/?s={search_term_string}"},"query-input":{"@type":"PropertyValueSpecification","valueRequired":true,"valueName":"search_term_string"}}],"inLanguage":"de-DE"}]}},"_links":{"self":[{"href":"https:\/\/www.urbaniki.com\/de-de\/wp-json\/wp\/v2\/product\/135741","targetHints":{"allow":["GET"]}}],"collection":[{"href":"https:\/\/www.urbaniki.com\/de-de\/wp-json\/wp\/v2\/product"}],"about":[{"href":"https:\/\/www.urbaniki.com\/de-de\/wp-json\/wp\/v2\/types\/product"}],"replies":[{"embeddable":true,"href":"https:\/\/www.urbaniki.com\/de-de\/wp-json\/wp\/v2\/comments?post=135741"}],"wp:featuredmedia":[{"embeddable":true,"href":"https:\/\/www.urbaniki.com\/de-de\/wp-json\/wp\/v2\/media\/134679"}],"wp:attachment":[{"href":"https:\/\/www.urbaniki.com\/de-de\/wp-json\/wp\/v2\/media?parent=135741"}],"wp:term":[{"taxonomy":"product_brand","embeddable":true,"href":"https:\/\/www.urbaniki.com\/de-de\/wp-json\/wp\/v2\/product_brand?post=135741"},{"taxonomy":"product_cat","embeddable":true,"href":"https:\/\/www.urbaniki.com\/de-de\/wp-json\/wp\/v2\/product_cat?post=135741"},{"taxonomy":"product_tag","embeddable":true,"href":"https:\/\/www.urbaniki.com\/de-de\/wp-json\/wp\/v2\/product_tag?post=135741"}],"curies":[{"name":"wp","href":"https:\/\/api.w.org\/{rel}","templated":true}]}}