{"id":180665,"date":"2026-04-23T07:51:46","date_gmt":"2026-04-23T06:51:46","guid":{"rendered":"https:\/\/www.urbaniki.com\/?page_id=180665"},"modified":"2026-04-23T11:11:57","modified_gmt":"2026-04-23T10:11:57","slug":"aron-scheppink-experte-fur-fahrrad-und-mobilitat","status":"publish","type":"page","link":"https:\/\/www.urbaniki.com\/de-de\/aron-scheppink-experte-fur-fahrrad-und-mobilitat\/","title":{"rendered":"Aron Scheppink | Experte f\u00fcr Fahrrad und Mobilit\u00e4t"},"content":{"rendered":"","protected":false},"excerpt":{"rendered":"","protected":false},"author":3,"featured_media":180672,"parent":0,"menu_order":0,"comment_status":"closed","ping_status":"closed","template":"","meta":{"_acf_changed":false,"footnotes":""},"class_list":["post-180665","page","type-page","status-publish","has-post-thumbnail","hentry"],"acf":[],"yoast_head":"<!-- This site is optimized with the Yoast SEO plugin v27.3 - https:\/\/yoast.com\/product\/yoast-seo-wordpress\/ -->\n<title>Aron | Experte f\u00fcr Fahrrad und Mobilit\u00e4t | Urban Iki<\/title>\n<meta name=\"description\" content=\"Aron ist Mobilit\u00e4tsexperte bei Urban Iki und entwickelt mit Marken smarte L\u00f6sungen f\u00fcrs Radfahren mit Kindern.\" \/>\n<meta name=\"robots\" content=\"index, follow, max-snippet:-1, max-image-preview:large, max-video-preview:-1\" \/>\n<link rel=\"canonical\" href=\"https:\/\/www.urbaniki.com\/de-de\/aron-scheppink-experte-fur-fahrrad-und-mobilitat\/\" \/>\n<meta property=\"og:locale\" content=\"de_DE\" \/>\n<meta property=\"og:type\" content=\"article\" \/>\n<meta property=\"og:title\" content=\"Aron | Experte f\u00fcr Fahrrad und Mobilit\u00e4t | Urban Iki\" \/>\n<meta property=\"og:description\" content=\"Aron ist Mobilit\u00e4tsexperte bei Urban Iki und entwickelt mit Marken smarte L\u00f6sungen f\u00fcrs Radfahren mit Kindern.\" \/>\n<meta property=\"og:url\" content=\"https:\/\/www.urbaniki.com\/de-de\/aron-scheppink-experte-fur-fahrrad-und-mobilitat\/\" \/>\n<meta property=\"og:site_name\" content=\"Urban Iki\" \/>\n<meta property=\"article:modified_time\" content=\"2026-04-23T10:11:57+00:00\" \/>\n<meta property=\"og:image\" content=\"https:\/\/www.urbaniki.com\/wp-content\/uploads\/Aron-Fiets-Mobiliteit-Expert-1.png\" \/>\n\t<meta property=\"og:image:width\" content=\"812\" \/>\n\t<meta property=\"og:image:height\" content=\"648\" \/>\n\t<meta property=\"og:image:type\" content=\"image\/png\" \/>\n<meta name=\"twitter:card\" content=\"summary_large_image\" \/>\n<meta name=\"twitter:label1\" content=\"Est. reading time\" \/>\n\t<meta name=\"twitter:data1\" content=\"1 minute\" \/>\n<script type=\"application\/ld+json\" class=\"yoast-schema-graph\">{\"@context\":\"https:\\\/\\\/schema.org\",\"@graph\":[{\"@type\":\"WebPage\",\"@id\":\"https:\\\/\\\/www.urbaniki.com\\\/de-de\\\/aron-scheppink-experte-fur-fahrrad-und-mobilitat\\\/\",\"url\":\"https:\\\/\\\/www.urbaniki.com\\\/de-de\\\/aron-scheppink-experte-fur-fahrrad-und-mobilitat\\\/\",\"name\":\"Aron | Experte f\u00fcr Fahrrad und Mobilit\u00e4t | Urban Iki\",\"isPartOf\":{\"@id\":\"https:\\\/\\\/www.urbaniki.com\\\/de-de\\\/#website\"},\"primaryImageOfPage\":{\"@id\":\"https:\\\/\\\/www.urbaniki.com\\\/de-de\\\/aron-scheppink-experte-fur-fahrrad-und-mobilitat\\\/#primaryimage\"},\"image\":{\"@id\":\"https:\\\/\\\/www.urbaniki.com\\\/de-de\\\/aron-scheppink-experte-fur-fahrrad-und-mobilitat\\\/#primaryimage\"},\"thumbnailUrl\":\"https:\\\/\\\/www.urbaniki.com\\\/wp-content\\\/uploads\\\/Aron-Fiets-Mobiliteit-Expert-1.png\",\"datePublished\":\"2026-04-23T06:51:46+00:00\",\"dateModified\":\"2026-04-23T10:11:57+00:00\",\"description\":\"Aron ist Mobilit\u00e4tsexperte bei Urban Iki und entwickelt mit Marken smarte L\u00f6sungen f\u00fcrs Radfahren mit Kindern.\",\"breadcrumb\":{\"@id\":\"https:\\\/\\\/www.urbaniki.com\\\/de-de\\\/aron-scheppink-experte-fur-fahrrad-und-mobilitat\\\/#breadcrumb\"},\"inLanguage\":\"de-DE\",\"potentialAction\":[{\"@type\":\"ReadAction\",\"target\":[\"https:\\\/\\\/www.urbaniki.com\\\/de-de\\\/aron-scheppink-experte-fur-fahrrad-und-mobilitat\\\/\"]}]},{\"@type\":\"ImageObject\",\"inLanguage\":\"de-DE\",\"@id\":\"https:\\\/\\\/www.urbaniki.com\\\/de-de\\\/aron-scheppink-experte-fur-fahrrad-und-mobilitat\\\/#primaryimage\",\"url\":\"https:\\\/\\\/www.urbaniki.com\\\/wp-content\\\/uploads\\\/Aron-Fiets-Mobiliteit-Expert-1.png\",\"contentUrl\":\"https:\\\/\\\/www.urbaniki.com\\\/wp-content\\\/uploads\\\/Aron-Fiets-Mobiliteit-Expert-1.png\",\"width\":812,\"height\":648,\"caption\":\"Aron | Fiets & Mobiliteit Expert-1\"},{\"@type\":\"BreadcrumbList\",\"@id\":\"https:\\\/\\\/www.urbaniki.com\\\/de-de\\\/aron-scheppink-experte-fur-fahrrad-und-mobilitat\\\/#breadcrumb\",\"itemListElement\":[{\"@type\":\"ListItem\",\"position\":1,\"name\":\"Home\",\"item\":\"https:\\\/\\\/www.urbaniki.com\\\/de-de\\\/\"},{\"@type\":\"ListItem\",\"position\":2,\"name\":\"Aron Scheppink | Experte f\u00fcr Fahrrad und Mobilit\u00e4t\"}]},{\"@type\":\"WebSite\",\"@id\":\"https:\\\/\\\/www.urbaniki.com\\\/de-de\\\/#website\",\"url\":\"https:\\\/\\\/www.urbaniki.com\\\/de-de\\\/\",\"name\":\"Urban Iki\",\"description\":\"\",\"potentialAction\":[{\"@type\":\"SearchAction\",\"target\":{\"@type\":\"EntryPoint\",\"urlTemplate\":\"https:\\\/\\\/www.urbaniki.com\\\/de-de\\\/?s={search_term_string}\"},\"query-input\":{\"@type\":\"PropertyValueSpecification\",\"valueRequired\":true,\"valueName\":\"search_term_string\"}}],\"inLanguage\":\"de-DE\"}]}<\/script>\n<!-- \/ Yoast SEO plugin. -->","yoast_head_json":{"title":"Aron | Experte f\u00fcr Fahrrad und Mobilit\u00e4t | Urban Iki","description":"Aron ist Mobilit\u00e4tsexperte bei Urban Iki und entwickelt mit Marken smarte L\u00f6sungen f\u00fcrs Radfahren mit Kindern.","robots":{"index":"index","follow":"follow","max-snippet":"max-snippet:-1","max-image-preview":"max-image-preview:large","max-video-preview":"max-video-preview:-1"},"canonical":"https:\/\/www.urbaniki.com\/de-de\/aron-scheppink-experte-fur-fahrrad-und-mobilitat\/","og_locale":"de_DE","og_type":"article","og_title":"Aron | Experte f\u00fcr Fahrrad und Mobilit\u00e4t | Urban Iki","og_description":"Aron ist Mobilit\u00e4tsexperte bei Urban Iki und entwickelt mit Marken smarte L\u00f6sungen f\u00fcrs Radfahren mit Kindern.","og_url":"https:\/\/www.urbaniki.com\/de-de\/aron-scheppink-experte-fur-fahrrad-und-mobilitat\/","og_site_name":"Urban Iki","article_modified_time":"2026-04-23T10:11:57+00:00","og_image":[{"width":812,"height":648,"url":"https:\/\/www.urbaniki.com\/wp-content\/uploads\/Aron-Fiets-Mobiliteit-Expert-1.png","type":"image\/png"}],"twitter_card":"summary_large_image","twitter_misc":{"Est. reading time":"1 minute"},"schema":{"@context":"https:\/\/schema.org","@graph":[{"@type":"WebPage","@id":"https:\/\/www.urbaniki.com\/de-de\/aron-scheppink-experte-fur-fahrrad-und-mobilitat\/","url":"https:\/\/www.urbaniki.com\/de-de\/aron-scheppink-experte-fur-fahrrad-und-mobilitat\/","name":"Aron | Experte f\u00fcr Fahrrad und Mobilit\u00e4t | Urban Iki","isPartOf":{"@id":"https:\/\/www.urbaniki.com\/de-de\/#website"},"primaryImageOfPage":{"@id":"https:\/\/www.urbaniki.com\/de-de\/aron-scheppink-experte-fur-fahrrad-und-mobilitat\/#primaryimage"},"image":{"@id":"https:\/\/www.urbaniki.com\/de-de\/aron-scheppink-experte-fur-fahrrad-und-mobilitat\/#primaryimage"},"thumbnailUrl":"https:\/\/www.urbaniki.com\/wp-content\/uploads\/Aron-Fiets-Mobiliteit-Expert-1.png","datePublished":"2026-04-23T06:51:46+00:00","dateModified":"2026-04-23T10:11:57+00:00","description":"Aron ist Mobilit\u00e4tsexperte bei Urban Iki und entwickelt mit Marken smarte L\u00f6sungen f\u00fcrs Radfahren mit Kindern.","breadcrumb":{"@id":"https:\/\/www.urbaniki.com\/de-de\/aron-scheppink-experte-fur-fahrrad-und-mobilitat\/#breadcrumb"},"inLanguage":"de-DE","potentialAction":[{"@type":"ReadAction","target":["https:\/\/www.urbaniki.com\/de-de\/aron-scheppink-experte-fur-fahrrad-und-mobilitat\/"]}]},{"@type":"ImageObject","inLanguage":"de-DE","@id":"https:\/\/www.urbaniki.com\/de-de\/aron-scheppink-experte-fur-fahrrad-und-mobilitat\/#primaryimage","url":"https:\/\/www.urbaniki.com\/wp-content\/uploads\/Aron-Fiets-Mobiliteit-Expert-1.png","contentUrl":"https:\/\/www.urbaniki.com\/wp-content\/uploads\/Aron-Fiets-Mobiliteit-Expert-1.png","width":812,"height":648,"caption":"Aron | Fiets & Mobiliteit Expert-1"},{"@type":"BreadcrumbList","@id":"https:\/\/www.urbaniki.com\/de-de\/aron-scheppink-experte-fur-fahrrad-und-mobilitat\/#breadcrumb","itemListElement":[{"@type":"ListItem","position":1,"name":"Home","item":"https:\/\/www.urbaniki.com\/de-de\/"},{"@type":"ListItem","position":2,"name":"Aron Scheppink | Experte f\u00fcr Fahrrad und Mobilit\u00e4t"}]},{"@type":"WebSite","@id":"https:\/\/www.urbaniki.com\/de-de\/#website","url":"https:\/\/www.urbaniki.com\/de-de\/","name":"Urban Iki","description":"","potentialAction":[{"@type":"SearchAction","target":{"@type":"EntryPoint","urlTemplate":"https:\/\/www.urbaniki.com\/de-de\/?s={search_term_string}"},"query-input":{"@type":"PropertyValueSpecification","valueRequired":true,"valueName":"search_term_string"}}],"inLanguage":"de-DE"}]}},"_links":{"self":[{"href":"https:\/\/www.urbaniki.com\/de-de\/wp-json\/wp\/v2\/pages\/180665","targetHints":{"allow":["GET"]}}],"collection":[{"href":"https:\/\/www.urbaniki.com\/de-de\/wp-json\/wp\/v2\/pages"}],"about":[{"href":"https:\/\/www.urbaniki.com\/de-de\/wp-json\/wp\/v2\/types\/page"}],"author":[{"embeddable":true,"href":"https:\/\/www.urbaniki.com\/de-de\/wp-json\/wp\/v2\/users\/3"}],"replies":[{"embeddable":true,"href":"https:\/\/www.urbaniki.com\/de-de\/wp-json\/wp\/v2\/comments?post=180665"}],"version-history":[{"count":3,"href":"https:\/\/www.urbaniki.com\/de-de\/wp-json\/wp\/v2\/pages\/180665\/revisions"}],"predecessor-version":[{"id":181101,"href":"https:\/\/www.urbaniki.com\/de-de\/wp-json\/wp\/v2\/pages\/180665\/revisions\/181101"}],"wp:featuredmedia":[{"embeddable":true,"href":"https:\/\/www.urbaniki.com\/de-de\/wp-json\/wp\/v2\/media\/180672"}],"wp:attachment":[{"href":"https:\/\/www.urbaniki.com\/de-de\/wp-json\/wp\/v2\/media?parent=180665"}],"curies":[{"name":"wp","href":"https:\/\/api.w.org\/{rel}","templated":true}]}}